{"id":136,"date":"2019-07-15T06:25:09","date_gmt":"2019-07-15T06:25:09","guid":{"rendered":"http:\/\/www.parodos.lt\/?page_id=136"},"modified":"2023-05-02T08:50:05","modified_gmt":"2023-05-02T06:50:05","slug":"apie-mus","status":"publish","type":"page","link":"https:\/\/www.parodos.lt\/en\/about-us\/","title":{"rendered":"About us"},"content":{"rendered":"<section class=\"section about_us_v_sr\" id=\"section_907306648\">\n\t\t<div class=\"bg section-bg fill bg-fill  bg-loaded\" >\n\n\t\t\t\n\t\t\t\n\t\t\t\n\n\t\t<\/div><!-- .section-bg -->\n\n\t\t<div class=\"section-content relative\">\n\t\t\t\t\t<\/div><!-- .section-content -->\n\n\t\t\n<style scope=\"scope\">\n\n#section_907306648 {\n  padding-top: 0px;\n  padding-bottom: 0px;\n}\n<\/style>\n\t<\/section>\n\t\n<div class=\"container section-title-container veiklos_sritys\" style=\"max-width:350px;\"><h1 class=\"section-title section-title-center\"><b><\/b><span class=\"section-title-main\" >FIELDS OF ACTIVITY<\/span><b><\/b><\/h1><\/div><!-- .section-title -->\n<div class=\"row\"  id=\"row-1762509735\"><\/div>\n<div class=\"col about_us_col medium-3 small-12 large-3\"  ><div class=\"col-inner\"  ><\/div><\/div>\n<h6>EXHIBITIONS IN LITHUANIA<\/h6>\n<p class=\"about_us_text en_p\">We organize the largest exhibitions in the Baltic countries: international specialized exhibitions MOTERS PASAULIS (Woman&#8217;s World), NAM\u0172 PASAULIS (Home World), SVEIKATOS DIENOS (Wellness Days), BEAUTY EXPO and unique in its nature: RINKIS PREK\u0118 LIETUVI\u0160K\u0104 (Made in Lithuania).<\/p>\n<p><a href=\"https:\/\/parodos.lt\"><span style=\"color: #f56820;\">www.parodos.lt \u2192<\/span><\/a><\/p>\n<\/div><\/div>\n<div class=\"col about_us_col medium-3 small-12 large-3\"  ><div class=\"col-inner\"  >\n<h6>EXHIBITION STANDS<\/h6>\n<p class=\"about_us_text\">We are producing and installing individual exhibition stands around the world. We implement projects, attracting International attention, starting from initial ideas, creation to installation and maintenance during the event.<\/p>\n<p><a href=\"http:\/\/www.stendai.lt\/\"><span style=\"color: #f56820;\">www.stendai.lt \u2192<\/span><\/a><\/p>\n<\/div><\/div>\n<div class=\"col about_us_col medium-3 small-12 large-3\"  ><div class=\"col-inner\"  >\n<h6>EXHIBITIONS ABROAD<\/h6>\n<p class=\"about_us_text last\">We are the only official Frankfurt exhibition organiser (Messe Frankfurt) representatives in Lithuania, Latvia and Estonia. We represent such international exhibitions as AMBIENTE, AUTOMECHANIKA, CHRISTMASWORLD, CREATIVEWORLD, HEIMTEXTIL, ISH, LIGHT &amp; BUILDING, MUSIKMESSE, PROLIGHT+SOUND, PAPERWORLD, TENDENCE, TECHTEXTIL, TEXWORLD.<\/p>\n<p><a href=\"https:\/\/messefrankfurt.lt\"><span style=\"color: #f56820;\">www.messefrankfurt.lt \u2192<\/span><\/a><\/p>\n<\/div><\/div>\n<\/div>\n\t\t<\/div><!-- .section-content -->\n\n\t\t\n<style scope=\"scope\">\n\n#section_459670203 {\n  padding-top: 0px;\n  padding-bottom: 0px;\n}\n<\/style>\n\t<\/section>","protected":false},"excerpt":{"rendered":"<p>Sorry, this entry is only available in Lithuanian.<\/p>\n","protected":false},"author":1,"featured_media":0,"parent":0,"menu_order":0,"comment_status":"closed","ping_status":"closed","template":"page_apiemus.php","meta":[],"yoast_head":"<!-- This site is optimized with the Yoast SEO plugin v19.7.1 - https:\/\/yoast.com\/wordpress\/plugins\/seo\/ -->\n<title>About us - Exhibitions in Lithuania and abdroad<\/title>\n<meta name=\"description\" content=\"UAB \u201eEkspozicij\u0173 centras\u201c \u2013 beveik 30-met\u012f rinkoje veikiantis parod\u0173 organizatorius Lietuvoje ir u\u017esienyje.\" \/>\n<meta name=\"robots\" content=\"index, follow, max-snippet:-1, max-image-preview:large, max-video-preview:-1\" \/>\n<meta property=\"og:locale\" content=\"en_US\" \/>\n<meta property=\"og:type\" content=\"article\" \/>\n<meta property=\"og:title\" content=\"[:lt]Apie mus[:en]About us[:] - Exhibitions in Lithuania and abdroad\" \/>\n<meta property=\"og:description\" content=\"UAB \u201eEkspozicij\u0173 centras\u201c \u2013 beveik 30-met\u012f rinkoje veikiantis parod\u0173 organizatorius Lietuvoje ir u\u017esienyje.\" \/>\n<meta property=\"og:site_name\" content=\"Exhibitions in Lithuania and abdroad\" \/>\n<meta property=\"article:publisher\" content=\"https:\/\/www.facebook.com\/Ekspozicijucentras\" \/>\n<meta property=\"article:modified_time\" content=\"2023-05-02T06:50:05+00:00\" \/>\n<meta property=\"og:image\" content=\"https:\/\/www.parodos.lt\/wp-content\/uploads\/2023\/03\/ES-logo-300x150.jpg\" \/>\n<meta name=\"twitter:card\" content=\"summary_large_image\" \/>\n<meta name=\"twitter:label1\" content=\"Est. reading time\" \/>\n\t<meta name=\"twitter:data1\" content=\"2 minutes\" \/>\n<script type=\"application\/ld+json\" class=\"yoast-schema-graph\">{\"@context\":\"https:\/\/schema.org\",\"@graph\":[{\"@type\":\"WebPage\",\"@id\":null,\"url\":null,\"name\":\"[:lt]Apie mus[:en]About us[:] - Exhibitions in Lithuania and abdroad\",\"isPartOf\":{\"@id\":\"https:\/\/www.parodos.lt\/#website\"},\"datePublished\":\"2019-07-15T06:25:09+00:00\",\"dateModified\":\"2023-05-02T06:50:05+00:00\",\"description\":\"UAB \u201eEkspozicij\u0173 centras\u201c \u2013 beveik 30-met\u012f rinkoje veikiantis parod\u0173 organizatorius Lietuvoje ir u\u017esienyje.\",\"breadcrumb\":{\"@id\":\"#breadcrumb\"},\"inLanguage\":\"en-US\",\"potentialAction\":[{\"@type\":\"ReadAction\",\"target\":[null]}]},{\"@type\":\"BreadcrumbList\",\"@id\":\"#breadcrumb\",\"itemListElement\":[{\"@type\":\"ListItem\",\"position\":1,\"name\":\"Prad\u017eia\"},{\"@type\":\"ListItem\",\"position\":2,\"name\":\"Apie mus\"}]},{\"@type\":\"WebSite\",\"@id\":\"https:\/\/www.parodos.lt\/#website\",\"url\":\"https:\/\/www.parodos.lt\/\",\"name\":\"Ekspozicij\u0173 centras - parodos Kaune\",\"description\":\"We organize the largest exhibitions in the Baltic countries. We are producing and installing individual exhibition stands around the world. We implement projects, attracting International attention, starting from initial ideas, creation to installation and maintenance during the event.\",\"publisher\":{\"@id\":\"https:\/\/www.parodos.lt\/#organization\"},\"potentialAction\":[{\"@type\":\"SearchAction\",\"target\":{\"@type\":\"EntryPoint\",\"urlTemplate\":\"https:\/\/www.parodos.lt\/?s={search_term_string}\"},\"query-input\":\"required name=search_term_string\"}],\"inLanguage\":\"en-US\"},{\"@type\":\"Organization\",\"@id\":\"https:\/\/www.parodos.lt\/#organization\",\"name\":\"Ekspozicij\u0173 centras\",\"url\":\"https:\/\/www.parodos.lt\/\",\"sameAs\":[\"https:\/\/www.instagram.com\/ekspozicijucentras\/\",\"https:\/\/www.youtube.com\/channel\/UCNYUHX7QSuXBepnTCs9emcA\",\"https:\/\/www.facebook.com\/Ekspozicijucentras\"],\"logo\":{\"@type\":\"ImageObject\",\"inLanguage\":\"en-US\",\"@id\":\"https:\/\/www.parodos.lt\/#\/schema\/logo\/image\/\",\"url\":\"https:\/\/www.parodos.lt\/wp-content\/uploads\/2021\/07\/EC-logo-patikimas-nuo-1994_fb.jpg\",\"contentUrl\":\"https:\/\/www.parodos.lt\/wp-content\/uploads\/2021\/07\/EC-logo-patikimas-nuo-1994_fb.jpg\",\"width\":563,\"height\":563,\"caption\":\"Ekspozicij\u0173 centras\"},\"image\":{\"@id\":\"https:\/\/www.parodos.lt\/#\/schema\/logo\/image\/\"}}]}<\/script>\n<!-- \/ Yoast SEO plugin. -->","yoast_head_json":{"title":"[:lt]Apie mus[:en]About us[:] - Exhibitions in Lithuania and abdroad","description":"UAB \u201eEkspozicij\u0173 centras\u201c \u2013 beveik 30-met\u012f rinkoje veikiantis parod\u0173 organizatorius Lietuvoje ir u\u017esienyje.","robots":{"index":"index","follow":"follow","max-snippet":"max-snippet:-1","max-image-preview":"max-image-preview:large","max-video-preview":"max-video-preview:-1"},"og_locale":"en_US","og_type":"article","og_title":"[:lt]Apie mus[:en]About us[:] - Exhibitions in Lithuania and abdroad","og_description":"UAB \u201eEkspozicij\u0173 centras\u201c \u2013 beveik 30-met\u012f rinkoje veikiantis parod\u0173 organizatorius Lietuvoje ir u\u017esienyje.","og_site_name":"Exhibitions in Lithuania and abdroad","article_publisher":"https:\/\/www.facebook.com\/Ekspozicijucentras","article_modified_time":"2023-05-02T06:50:05+00:00","og_image":[{"url":"https:\/\/www.parodos.lt\/wp-content\/uploads\/2023\/03\/ES-logo-300x150.jpg"}],"twitter_card":"summary_large_image","twitter_misc":{"Est. reading time":"2 minutes"},"schema":{"@context":"https:\/\/schema.org","@graph":[{"@type":"WebPage","@id":null,"url":null,"name":"[:lt]Apie mus[:en]About us[:] - Exhibitions in Lithuania and abdroad","isPartOf":{"@id":"https:\/\/www.parodos.lt\/#website"},"datePublished":"2019-07-15T06:25:09+00:00","dateModified":"2023-05-02T06:50:05+00:00","description":"UAB \u201eEkspozicij\u0173 centras\u201c \u2013 beveik 30-met\u012f rinkoje veikiantis parod\u0173 organizatorius Lietuvoje ir u\u017esienyje.","breadcrumb":{"@id":"#breadcrumb"},"inLanguage":"en-US","potentialAction":[{"@type":"ReadAction","target":[null]}]},{"@type":"BreadcrumbList","@id":"#breadcrumb","itemListElement":[{"@type":"ListItem","position":1,"name":"Prad\u017eia"},{"@type":"ListItem","position":2,"name":"Apie mus"}]},{"@type":"WebSite","@id":"https:\/\/www.parodos.lt\/#website","url":"https:\/\/www.parodos.lt\/","name":"Ekspozicij\u0173 centras - parodos Kaune","description":"We organize the largest exhibitions in the Baltic countries. We are producing and installing individual exhibition stands around the world. We implement projects, attracting International attention, starting from initial ideas, creation to installation and maintenance during the event.","publisher":{"@id":"https:\/\/www.parodos.lt\/#organization"},"potentialAction":[{"@type":"SearchAction","target":{"@type":"EntryPoint","urlTemplate":"https:\/\/www.parodos.lt\/?s={search_term_string}"},"query-input":"required name=search_term_string"}],"inLanguage":"en-US"},{"@type":"Organization","@id":"https:\/\/www.parodos.lt\/#organization","name":"Ekspozicij\u0173 centras","url":"https:\/\/www.parodos.lt\/","sameAs":["https:\/\/www.instagram.com\/ekspozicijucentras\/","https:\/\/www.youtube.com\/channel\/UCNYUHX7QSuXBepnTCs9emcA","https:\/\/www.facebook.com\/Ekspozicijucentras"],"logo":{"@type":"ImageObject","inLanguage":"en-US","@id":"https:\/\/www.parodos.lt\/#\/schema\/logo\/image\/","url":"https:\/\/www.parodos.lt\/wp-content\/uploads\/2021\/07\/EC-logo-patikimas-nuo-1994_fb.jpg","contentUrl":"https:\/\/www.parodos.lt\/wp-content\/uploads\/2021\/07\/EC-logo-patikimas-nuo-1994_fb.jpg","width":563,"height":563,"caption":"Ekspozicij\u0173 centras"},"image":{"@id":"https:\/\/www.parodos.lt\/#\/schema\/logo\/image\/"}}]}},"_links":{"self":[{"href":"https:\/\/www.parodos.lt\/en\/wp-json\/wp\/v2\/pages\/136"}],"collection":[{"href":"https:\/\/www.parodos.lt\/en\/wp-json\/wp\/v2\/pages"}],"about":[{"href":"https:\/\/www.parodos.lt\/en\/wp-json\/wp\/v2\/types\/page"}],"author":[{"embeddable":true,"href":"https:\/\/www.parodos.lt\/en\/wp-json\/wp\/v2\/users\/1"}],"replies":[{"embeddable":true,"href":"https:\/\/www.parodos.lt\/en\/wp-json\/wp\/v2\/comments?post=136"}],"version-history":[{"count":77,"href":"https:\/\/www.parodos.lt\/en\/wp-json\/wp\/v2\/pages\/136\/revisions"}],"predecessor-version":[{"id":7992,"href":"https:\/\/www.parodos.lt\/en\/wp-json\/wp\/v2\/pages\/136\/revisions\/7992"}],"wp:attachment":[{"href":"https:\/\/www.parodos.lt\/en\/wp-json\/wp\/v2\/media?parent=136"}],"curies":[{"name":"wp","href":"https:\/\/api.w.org\/{rel}","templated":true}]}}