{"id":1697,"date":"2019-09-22T10:11:17","date_gmt":"2019-09-22T08:11:17","guid":{"rendered":"http:\/\/www.parodos.lt\/?page_id=1697"},"modified":"2026-04-16T08:06:57","modified_gmt":"2026-04-16T06:06:57","slug":"parodosnew","status":"publish","type":"page","link":"https:\/\/www.parodos.lt\/en\/exhibitions\/","title":{"rendered":"Exhibitions"},"content":{"rendered":"","protected":false},"excerpt":{"rendered":"","protected":false},"author":1,"featured_media":0,"parent":0,"menu_order":0,"comment_status":"closed","ping_status":"closed","template":"page-blank-parodos.php","meta":[],"yoast_head":"<!-- This site is optimized with the Yoast SEO plugin v19.7.1 - https:\/\/yoast.com\/wordpress\/plugins\/seo\/ -->\n<title>Parod\u0173 organizatorius Lietuvoje. Parod\u0173 stendai. U\u017esienio parodos.<\/title>\n<meta name=\"description\" content=\"UAB \u201eEkspozicij\u0173 centras\u201c \u2013 beveik 30 met\u0173 rinkoje veikiantis parod\u0173 organizatorius, veikl\u0105 vykdantis tiek Lietuvoje, tiek u\u017esienyje.\" \/>\n<meta name=\"robots\" content=\"index, follow, max-snippet:-1, max-image-preview:large, max-video-preview:-1\" \/>\n<meta property=\"og:locale\" content=\"en_US\" \/>\n<meta property=\"og:type\" content=\"article\" \/>\n<meta property=\"og:title\" content=\"Parod\u0173 organizatorius Lietuvoje. Parod\u0173 stendai. U\u017esienio parodos.\" \/>\n<meta property=\"og:description\" content=\"UAB \u201eEkspozicij\u0173 centras\u201c \u2013 beveik 30 met\u0173 rinkoje veikiantis parod\u0173 organizatorius, veikl\u0105 vykdantis tiek Lietuvoje, tiek u\u017esienyje.\" \/>\n<meta property=\"og:site_name\" content=\"Exhibitions in Lithuania and abdroad\" \/>\n<meta property=\"article:publisher\" content=\"https:\/\/www.facebook.com\/Ekspozicijucentras\" \/>\n<meta property=\"article:modified_time\" content=\"2026-04-16T06:06:57+00:00\" \/>\n<meta name=\"twitter:card\" content=\"summary_large_image\" \/>\n<script type=\"application\/ld+json\" class=\"yoast-schema-graph\">{\"@context\":\"https:\/\/schema.org\",\"@graph\":[{\"@type\":\"WebPage\",\"@id\":null,\"url\":null,\"name\":\"Parod\u0173 organizatorius Lietuvoje. Parod\u0173 stendai. U\u017esienio parodos.\",\"isPartOf\":{\"@id\":\"https:\/\/www.parodos.lt\/#website\"},\"datePublished\":\"2019-09-22T08:11:17+00:00\",\"dateModified\":\"2026-04-16T06:06:57+00:00\",\"description\":\"UAB \u201eEkspozicij\u0173 centras\u201c \u2013 beveik 30 met\u0173 rinkoje veikiantis parod\u0173 organizatorius, veikl\u0105 vykdantis tiek Lietuvoje, tiek u\u017esienyje.\",\"breadcrumb\":{\"@id\":\"#breadcrumb\"},\"inLanguage\":\"en-US\",\"potentialAction\":[{\"@type\":\"ReadAction\",\"target\":[null]}]},{\"@type\":\"BreadcrumbList\",\"@id\":\"#breadcrumb\",\"itemListElement\":[{\"@type\":\"ListItem\",\"position\":1,\"name\":\"Prad\u017eia\"},{\"@type\":\"ListItem\",\"position\":2,\"name\":\"Parodos\"}]},{\"@type\":\"WebSite\",\"@id\":\"https:\/\/www.parodos.lt\/#website\",\"url\":\"https:\/\/www.parodos.lt\/\",\"name\":\"Ekspozicij\u0173 centras - parodos Kaune\",\"description\":\"We organize the largest exhibitions in the Baltic countries. We are producing and installing individual exhibition stands around the world. We implement projects, attracting International attention, starting from initial ideas, creation to installation and maintenance during the event.\",\"publisher\":{\"@id\":\"https:\/\/www.parodos.lt\/#organization\"},\"potentialAction\":[{\"@type\":\"SearchAction\",\"target\":{\"@type\":\"EntryPoint\",\"urlTemplate\":\"https:\/\/www.parodos.lt\/?s={search_term_string}\"},\"query-input\":\"required name=search_term_string\"}],\"inLanguage\":\"en-US\"},{\"@type\":\"Organization\",\"@id\":\"https:\/\/www.parodos.lt\/#organization\",\"name\":\"Ekspozicij\u0173 centras\",\"url\":\"https:\/\/www.parodos.lt\/\",\"sameAs\":[\"https:\/\/www.instagram.com\/ekspozicijucentras\/\",\"https:\/\/www.youtube.com\/channel\/UCNYUHX7QSuXBepnTCs9emcA\",\"https:\/\/www.facebook.com\/Ekspozicijucentras\"],\"logo\":{\"@type\":\"ImageObject\",\"inLanguage\":\"en-US\",\"@id\":\"https:\/\/www.parodos.lt\/#\/schema\/logo\/image\/\",\"url\":\"https:\/\/www.parodos.lt\/wp-content\/uploads\/2021\/07\/EC-logo-patikimas-nuo-1994_fb.jpg\",\"contentUrl\":\"https:\/\/www.parodos.lt\/wp-content\/uploads\/2021\/07\/EC-logo-patikimas-nuo-1994_fb.jpg\",\"width\":563,\"height\":563,\"caption\":\"Ekspozicij\u0173 centras\"},\"image\":{\"@id\":\"https:\/\/www.parodos.lt\/#\/schema\/logo\/image\/\"}}]}<\/script>\n<!-- \/ Yoast SEO plugin. -->","yoast_head_json":{"title":"Parod\u0173 organizatorius Lietuvoje. Parod\u0173 stendai. U\u017esienio parodos.","description":"UAB \u201eEkspozicij\u0173 centras\u201c \u2013 beveik 30 met\u0173 rinkoje veikiantis parod\u0173 organizatorius, veikl\u0105 vykdantis tiek Lietuvoje, tiek u\u017esienyje.","robots":{"index":"index","follow":"follow","max-snippet":"max-snippet:-1","max-image-preview":"max-image-preview:large","max-video-preview":"max-video-preview:-1"},"og_locale":"en_US","og_type":"article","og_title":"Parod\u0173 organizatorius Lietuvoje. Parod\u0173 stendai. U\u017esienio parodos.","og_description":"UAB \u201eEkspozicij\u0173 centras\u201c \u2013 beveik 30 met\u0173 rinkoje veikiantis parod\u0173 organizatorius, veikl\u0105 vykdantis tiek Lietuvoje, tiek u\u017esienyje.","og_site_name":"Exhibitions in Lithuania and abdroad","article_publisher":"https:\/\/www.facebook.com\/Ekspozicijucentras","article_modified_time":"2026-04-16T06:06:57+00:00","twitter_card":"summary_large_image","schema":{"@context":"https:\/\/schema.org","@graph":[{"@type":"WebPage","@id":null,"url":null,"name":"Parod\u0173 organizatorius Lietuvoje. Parod\u0173 stendai. U\u017esienio parodos.","isPartOf":{"@id":"https:\/\/www.parodos.lt\/#website"},"datePublished":"2019-09-22T08:11:17+00:00","dateModified":"2026-04-16T06:06:57+00:00","description":"UAB \u201eEkspozicij\u0173 centras\u201c \u2013 beveik 30 met\u0173 rinkoje veikiantis parod\u0173 organizatorius, veikl\u0105 vykdantis tiek Lietuvoje, tiek u\u017esienyje.","breadcrumb":{"@id":"#breadcrumb"},"inLanguage":"en-US","potentialAction":[{"@type":"ReadAction","target":[null]}]},{"@type":"BreadcrumbList","@id":"#breadcrumb","itemListElement":[{"@type":"ListItem","position":1,"name":"Prad\u017eia"},{"@type":"ListItem","position":2,"name":"Parodos"}]},{"@type":"WebSite","@id":"https:\/\/www.parodos.lt\/#website","url":"https:\/\/www.parodos.lt\/","name":"Ekspozicij\u0173 centras - parodos Kaune","description":"We organize the largest exhibitions in the Baltic countries. We are producing and installing individual exhibition stands around the world. We implement projects, attracting International attention, starting from initial ideas, creation to installation and maintenance during the event.","publisher":{"@id":"https:\/\/www.parodos.lt\/#organization"},"potentialAction":[{"@type":"SearchAction","target":{"@type":"EntryPoint","urlTemplate":"https:\/\/www.parodos.lt\/?s={search_term_string}"},"query-input":"required name=search_term_string"}],"inLanguage":"en-US"},{"@type":"Organization","@id":"https:\/\/www.parodos.lt\/#organization","name":"Ekspozicij\u0173 centras","url":"https:\/\/www.parodos.lt\/","sameAs":["https:\/\/www.instagram.com\/ekspozicijucentras\/","https:\/\/www.youtube.com\/channel\/UCNYUHX7QSuXBepnTCs9emcA","https:\/\/www.facebook.com\/Ekspozicijucentras"],"logo":{"@type":"ImageObject","inLanguage":"en-US","@id":"https:\/\/www.parodos.lt\/#\/schema\/logo\/image\/","url":"https:\/\/www.parodos.lt\/wp-content\/uploads\/2021\/07\/EC-logo-patikimas-nuo-1994_fb.jpg","contentUrl":"https:\/\/www.parodos.lt\/wp-content\/uploads\/2021\/07\/EC-logo-patikimas-nuo-1994_fb.jpg","width":563,"height":563,"caption":"Ekspozicij\u0173 centras"},"image":{"@id":"https:\/\/www.parodos.lt\/#\/schema\/logo\/image\/"}}]}},"_links":{"self":[{"href":"https:\/\/www.parodos.lt\/en\/wp-json\/wp\/v2\/pages\/1697"}],"collection":[{"href":"https:\/\/www.parodos.lt\/en\/wp-json\/wp\/v2\/pages"}],"about":[{"href":"https:\/\/www.parodos.lt\/en\/wp-json\/wp\/v2\/types\/page"}],"author":[{"embeddable":true,"href":"https:\/\/www.parodos.lt\/en\/wp-json\/wp\/v2\/users\/1"}],"replies":[{"embeddable":true,"href":"https:\/\/www.parodos.lt\/en\/wp-json\/wp\/v2\/comments?post=1697"}],"version-history":[{"count":7,"href":"https:\/\/www.parodos.lt\/en\/wp-json\/wp\/v2\/pages\/1697\/revisions"}],"predecessor-version":[{"id":1704,"href":"https:\/\/www.parodos.lt\/en\/wp-json\/wp\/v2\/pages\/1697\/revisions\/1704"}],"wp:attachment":[{"href":"https:\/\/www.parodos.lt\/en\/wp-json\/wp\/v2\/media?parent=1697"}],"curies":[{"name":"wp","href":"https:\/\/api.w.org\/{rel}","templated":true}]}}