{"id":20,"date":"2019-07-10T07:12:27","date_gmt":"2019-07-10T07:12:27","guid":{"rendered":"http:\/\/www.parodos.lt\/?page_id=20"},"modified":"2026-04-30T09:14:01","modified_gmt":"2026-04-30T07:14:01","slug":"pagrindinis","status":"publish","type":"page","link":"https:\/\/www.parodos.lt\/en\/","title":{"rendered":"Pagrindinis"},"content":{"rendered":"<div class=\"gap-element clearfix\" style=\"display:block; height:auto; padding-top:50px\"><\/div>\n<div class=\"container section-title-container\" style=\"margin-bottom:30px;max-width:500px;\"><h1 class=\"section-title section-title-center\"><b><\/b><span class=\"section-title-main\" >Artimiausios parodos<\/span><b><\/b><\/h1><\/div><!-- .section-title -->\n<div class=\"row\"  id=\"row-384354229\">\n<div class=\"col medium-6 small-12 large-6\"  ><div class=\"col-inner\"  >\n<\/div><\/div>\n<!--&#091;col span=\"6\" span__sm=\"12\" class=\"calendar_col\"&#093;\n\n\n<p style=\"text-align: right;\"><a class=\"button primary lowercase calendar trigger\"><span style=\"color: #000000;\">PAROD\u0172 KALENDORIUS<\/span><img src=\"https:\/\/www.parodos.lt\/wp-content\/uploads\/2019\/08\/Kalendorius.svg\" \/><\/a><\/p>\n\n\n&#091;\/col&#093;--><\/p>\n<\/div>\n\n  \n    <div class=\"row mfrow large-columns-3 medium-columns-1 small-columns-1 row-small\">\n   \n\t\t<div class=\"row large-columns-3 medium-columns-1 small-columns-1 with_padding\" style=\"max-width: 1140px\">\n\t\n\t\t\t\t<div class=\"col post-item p_reng div\">\n\t\t\t\t\t<div class=\"col-inner\">\n\t\t\t\t\t\t<div class=\"box box-normal box-text-bottom box-blog-post has-hover\">\n\t\t\t\t\t\t\t<a href=\"https:\/\/www.parodos.lt\/en\/exhibitions\/lt-kauno-knygu-muge-2026\/\" class=\"plain\">\n\t\t\t\t\t\t\t\t<div class=\"box-image\">\n\t\t\t\t\t\t\t\t\t<div class=\"image-cover\" style=\"padding-top:56.21%;\">\n\t\t\t\t\t\t\t\t\t\n\t\t\t\t\t\t\t\t\t\t\t\t<img width=\"336\" height=\"202\" src=\"https:\/\/www.parodos.lt\/wp-content\/uploads\/2025\/12\/KAUNO-KNYGU-MUGE-2026-banner_ec_353x212_en-2.jpg\" class=\"attachment-358x202 size-358x202\" alt=\"\" loading=\"lazy\" srcset=\"https:\/\/www.parodos.lt\/wp-content\/uploads\/2025\/12\/KAUNO-KNYGU-MUGE-2026-banner_ec_353x212_en-2.jpg 353w, https:\/\/www.parodos.lt\/wp-content\/uploads\/2025\/12\/KAUNO-KNYGU-MUGE-2026-banner_ec_353x212_en-2-300x180.jpg 300w\" sizes=\"(max-width: 336px) 100vw, 336px\" \/>\n\t\t\t\t\t\t\t\t\t\t\t\n\t\t\t\t\t\t\t\t\t<\/div>\n\t\t\t\t\t\t\t\t<\/div><!-- .box-image -->\n\t\t\t\t\t\t\t<\/a><!-- .link -->\n\t\t\t\t\t\t\t\t<div class=\"box-text text-center\">\n\t\t\t\t\t\t\t\t\t<div class=\"box-text-inner blog-post-inner\">\n\t\t\t\t\t\t\t\t\t\t<a href=\"https:\/\/www.parodos.lt\/en\/exhibitions\/lt-kauno-knygu-muge-2026\/\" class=\"plain\" style=\"width:100%;\">\n\t\t\t\t\t\t\t\t\t\t\t<h2 class=\"post-title is-large\" style=\"text-align: left;\">KAUNAS BOOK FAIR 2026<\/h2>\n\t\t\t\t\t\t\t\t\t\t<\/a>\n\t\t\t\t\t\t\t\t\t\t\t<div class=\"row\">\n\t\t\t\t\t\t\t\t\t\t\t\t<div class=\"col medium-7 small-12 large-7 biliet name_date\">\n\t\t\t\t\t\t\t\t\t\t\t\t\t<div class=\"p_loc\">\n\t\t\t\t\t\t\t\t\t\t\t\t\t\tZalgiris arena, Kaunas\n\t\t\t\t\t\t\t\t\t\t\t\t\t<\/div>\n\t\t\t\t\t\t\t\t\t\t\t\t\t\t\t<div class=\"post-meta is-small op-8\">2026 September 18\u201320<\/div>\n\t\t\t\t\t\t\t\t\t\t\t\t\t\t\n\t\t\t\t\t\t\t\t\t\t\t\t<\/div>\n\t\t\t\t\t\t\t\t\t\t\t\t<div class=\"col medium-5 small-12 large-5 biliet\">\t\n\t\t\t\t\t\t\t\t\t\t\t<\/div>\n\t\t\t\t\t\t\t\t\t\t<\/div>\n\t\t\t\t\t\t\t\t\t<\/div><!-- .box-text-inner -->\n\t\t\t\t\t\t\t\t<\/div><!-- .box-text -->\n\t\t\t\t\t\t\t<\/div><!-- .box -->\n\t\t\t\t\t<\/div><!-- .col-inner -->\n\t\t\t\t<\/div><!-- .col -->\n\t\t\t\n\t\t\t\t<div class=\"col post-item p_reng div\">\n\t\t\t\t\t<div class=\"col-inner\">\n\t\t\t\t\t\t<div class=\"box box-normal box-text-bottom box-blog-post has-hover\">\n\t\t\t\t\t\t\t<a href=\"https:\/\/www.parodos.lt\/en\/exhibitions\/lt-rinkis-preke-lietuviska-2026\/\" class=\"plain\">\n\t\t\t\t\t\t\t\t<div class=\"box-image\">\n\t\t\t\t\t\t\t\t\t<div class=\"image-cover\" style=\"padding-top:56.21%;\">\n\t\t\t\t\t\t\t\t\t\n\t\t\t\t\t\t\t\t\t\t\t\t<img width=\"336\" height=\"202\" src=\"https:\/\/www.parodos.lt\/wp-content\/uploads\/2025\/02\/RPL_26_ec_353x212_en.jpg\" class=\"attachment-358x202 size-358x202\" alt=\"\" loading=\"lazy\" srcset=\"https:\/\/www.parodos.lt\/wp-content\/uploads\/2025\/02\/RPL_26_ec_353x212_en.jpg 353w, https:\/\/www.parodos.lt\/wp-content\/uploads\/2025\/02\/RPL_26_ec_353x212_en-300x180.jpg 300w\" sizes=\"(max-width: 336px) 100vw, 336px\" \/>\n\t\t\t\t\t\t\t\t\t\t\t\n\t\t\t\t\t\t\t\t\t<\/div>\n\t\t\t\t\t\t\t\t<\/div><!-- .box-image -->\n\t\t\t\t\t\t\t<\/a><!-- .link -->\n\t\t\t\t\t\t\t\t<div class=\"box-text text-center\">\n\t\t\t\t\t\t\t\t\t<div class=\"box-text-inner blog-post-inner\">\n\t\t\t\t\t\t\t\t\t\t<a href=\"https:\/\/www.parodos.lt\/en\/exhibitions\/lt-rinkis-preke-lietuviska-2026\/\" class=\"plain\" style=\"width:100%;\">\n\t\t\t\t\t\t\t\t\t\t\t<h2 class=\"post-title is-large\" style=\"text-align: left;\">MADE IN LITHUANIA 2026<\/h2>\n\t\t\t\t\t\t\t\t\t\t<\/a>\n\t\t\t\t\t\t\t\t\t\t\t<div class=\"row\">\n\t\t\t\t\t\t\t\t\t\t\t\t<div class=\"col medium-7 small-12 large-7 biliet name_date\">\n\t\t\t\t\t\t\t\t\t\t\t\t\t<div class=\"p_loc\">\n\t\t\t\t\t\t\t\t\t\t\t\t\t\tZalgiris arena, Kaunas\n\t\t\t\t\t\t\t\t\t\t\t\t\t<\/div>\n\t\t\t\t\t\t\t\t\t\t\t\t\t\t\t<div class=\"post-meta is-small op-8\">2026 October 9\u201311<\/div>\n\t\t\t\t\t\t\t\t\t\t\t\t\t\t\n\t\t\t\t\t\t\t\t\t\t\t\t<\/div>\n\t\t\t\t\t\t\t\t\t\t\t\t<div class=\"col medium-5 small-12 large-5 biliet\">\t\n\t\t\t\t\t\t\t\t\t\t\t<\/div>\n\t\t\t\t\t\t\t\t\t\t<\/div>\n\t\t\t\t\t\t\t\t\t<\/div><!-- .box-text-inner -->\n\t\t\t\t\t\t\t\t<\/div><!-- .box-text -->\n\t\t\t\t\t\t\t<\/div><!-- .box -->\n\t\t\t\t\t<\/div><!-- .col-inner -->\n\t\t\t\t<\/div><!-- .col -->\n\t\t\t\n\t\t\t\t<div class=\"col post-item p_reng div\">\n\t\t\t\t\t<div class=\"col-inner\">\n\t\t\t\t\t\t<div class=\"box box-normal box-text-bottom box-blog-post has-hover\">\n\t\t\t\t\t\t\t<a href=\"https:\/\/www.parodos.lt\/en\/exhibitions\/lt-mados-pasazas-2026\/\" class=\"plain\">\n\t\t\t\t\t\t\t\t<div class=\"box-image\">\n\t\t\t\t\t\t\t\t\t<div class=\"image-cover\" style=\"padding-top:56.21%;\">\n\t\t\t\t\t\t\t\t\t\n\t\t\t\t\t\t\t\t\t\t\t\t<img width=\"336\" height=\"202\" src=\"https:\/\/www.parodos.lt\/wp-content\/uploads\/2025\/10\/mpasazas26_ec_353x212_en-1.jpg\" class=\"attachment-358x202 size-358x202\" alt=\"\" loading=\"lazy\" srcset=\"https:\/\/www.parodos.lt\/wp-content\/uploads\/2025\/10\/mpasazas26_ec_353x212_en-1.jpg 353w, https:\/\/www.parodos.lt\/wp-content\/uploads\/2025\/10\/mpasazas26_ec_353x212_en-1-300x180.jpg 300w\" sizes=\"(max-width: 336px) 100vw, 336px\" \/>\n\t\t\t\t\t\t\t\t\t\t\t\n\t\t\t\t\t\t\t\t\t<\/div>\n\t\t\t\t\t\t\t\t<\/div><!-- .box-image -->\n\t\t\t\t\t\t\t<\/a><!-- .link -->\n\t\t\t\t\t\t\t\t<div class=\"box-text text-center\">\n\t\t\t\t\t\t\t\t\t<div class=\"box-text-inner blog-post-inner\">\n\t\t\t\t\t\t\t\t\t\t<a href=\"https:\/\/www.parodos.lt\/en\/exhibitions\/lt-mados-pasazas-2026\/\" class=\"plain\" style=\"width:100%;\">\n\t\t\t\t\t\t\t\t\t\t\t<h2 class=\"post-title is-large\" style=\"text-align: left;\">FASHION ARCADE 2026<\/h2>\n\t\t\t\t\t\t\t\t\t\t<\/a>\n\t\t\t\t\t\t\t\t\t\t\t<div class=\"row\">\n\t\t\t\t\t\t\t\t\t\t\t\t<div class=\"col medium-7 small-12 large-7 biliet name_date\">\n\t\t\t\t\t\t\t\t\t\t\t\t\t<div class=\"p_loc\">\n\t\t\t\t\t\t\t\t\t\t\t\t\t\t\u201e\u017dalgirio\u201c arena, Kaunas\n\t\t\t\t\t\t\t\t\t\t\t\t\t<\/div>\n\t\t\t\t\t\t\t\t\t\t\t\t\t\t\t<div class=\"post-meta is-small op-8\">2026 October 9\u201311<\/div>\n\t\t\t\t\t\t\t\t\t\t\t\t\t\t\n\t\t\t\t\t\t\t\t\t\t\t\t<\/div>\n\t\t\t\t\t\t\t\t\t\t\t\t<div class=\"col medium-5 small-12 large-5 biliet\">\t\n\t\t\t\t\t\t\t\t\t\t\t<\/div>\n\t\t\t\t\t\t\t\t\t\t<\/div>\n\t\t\t\t\t\t\t\t\t<\/div><!-- .box-text-inner -->\n\t\t\t\t\t\t\t\t<\/div><!-- .box-text -->\n\t\t\t\t\t\t\t<\/div><!-- .box -->\n\t\t\t\t\t<\/div><!-- .col-inner -->\n\t\t\t\t<\/div><!-- .col -->\n\t\t\t \n\t\t<\/div>\n\t<\/div>\n<div class=\"row\"  id=\"row-2120367667\">\n<div class=\"col empty medium-4 small-12 large-4\"  ><div class=\"col-inner\"  >\n<\/div><\/div>\n<div class=\"col all_parodos_button medium-4 small-12 large-4\"  ><div class=\"col-inner text-center\"  >\n<a href=\"https:\/\/www.parodos.lt\/en\/exhibitions\/\" target=\"_self\" class=\"button alert is-outline d_button\"  >\n    <span>Visos parodos<\/span>\n  <\/a>\n\n<\/div><\/div>\n<div class=\"col empty medium-4 small-12 large-4\"  ><div class=\"col-inner\"  >\n<\/div><\/div>\n<\/div>\n<div class=\"gap-element clearfix\" style=\"display:block; height:auto; padding-top:50px\"><\/div>\n\t<section class=\"section\" id=\"section_314745766\">\n\t\t<div class=\"bg section-bg fill bg-fill  bg-loaded\" >\n\n\t\t\t\n\t\t\t\n\t\t\t\n\n\t\t<\/div><!-- .section-bg -->\n\n\t\t<div class=\"section-content relative\">\n\t\t\t\n<div class=\"container section-title-container\" style=\"margin-bottom:30px;max-width:500px;\"><h1 class=\"section-title section-title-center\"><b><\/b><span class=\"section-title-main\" >Artimiausi renginiai<\/span><b><\/b><\/h1><\/div><!-- .section-title -->\n<div class=\"row\"  id=\"row-864483603\">\n<div class=\"col medium-6 small-12 large-6\"  ><div class=\"col-inner\"  >\n<\/div><\/div>\n<!--&#091;col span=\"6\" span__sm=\"12\" class=\"calendar_col\"&#093;\n\n\n<p style=\"text-align: right;\"><a class=\"button primary lowercase calendar trigger2\"><span style=\"color: #000000;\">RENGINI\u0172 KALENDORIUS<\/span><img src=\"https:\/\/www.parodos.lt\/wp-content\/uploads\/2019\/08\/Kalendorius.svg\" \/><\/a><\/p>\n\n\n&#091;\/col&#093;--><\/p>\n<\/div>\n\n  \n    <div class=\"row artimiausi_renginiai_posts large-columns-3 medium-columns-1 small-columns-1 row-small\">\n   \n\t\t<div class=\"row large-columns-3 medium-columns-1 small-columns-1 with_padding\" style=\"max-width: 1140px\">\n\t \n\t\t<\/div>\n\t<\/div>\n<div class=\"row\"  id=\"row-224492502\">\n<div class=\"col empty medium-4 small-12 large-4\"  ><div class=\"col-inner\"  >\n<\/div><\/div>\n<div class=\"col all_parodos_button medium-4 small-12 large-4\"  ><div class=\"col-inner text-center\"  >\n<a href=\"https:\/\/www.parodos.lt\/en\/events\/\" target=\"_self\" class=\"button alert is-outline d_button renginiai_but\"  >\n    <span>Visi renginiai<\/span>\n  <\/a>\n\n<\/div><\/div>\n<div class=\"col empty medium-4 small-12 large-4\"  ><div class=\"col-inner\"  >\n<\/div><\/div>\n<\/div>\n\t\t<\/div><!-- .section-content -->\n\n\t\t\n<style scope=\"scope\">\n\n#section_314745766 {\n  padding-top: 50px;\n  padding-bottom: 50px;\n  background-color: rgb(243, 243, 243);\n}\n<\/style>\n\t<\/section>\n\t\n<div class=\"gap-element clearfix\" style=\"display:block; height:auto; padding-top:50px\"><\/div>\n<div class=\"container section-title-container\" style=\"margin-bottom:30px;max-width:500px;\"><h1 class=\"section-title section-title-center\"><b><\/b><span class=\"section-title-main\" >Parod\u0173 akimirkos<\/span><b><\/b><\/h1><\/div><!-- .section-title -->","protected":false},"excerpt":{"rendered":"","protected":false},"author":1,"featured_media":0,"parent":0,"menu_order":0,"comment_status":"closed","ping_status":"closed","template":"page-pagrindinis.php","meta":[],"yoast_head":"<!-- This site is optimized with the Yoast SEO plugin v19.7.1 - https:\/\/yoast.com\/wordpress\/plugins\/seo\/ -->\n<title>Parod\u0173 organizatorius: UAB \u201eEkspozicij\u0173 centras\u201c<\/title>\n<meta name=\"description\" content=\"Parod\u0173 organizatorius Lietuvoje, teikiantis stend\u0173 \u012frengimo paslaugas u\u017esienio \u0161alyse, oficialus Messe Frankfurt atstovas Baltijos \u0161alims.\" \/>\n<meta name=\"robots\" content=\"index, follow, max-snippet:-1, max-image-preview:large, max-video-preview:-1\" \/>\n<meta property=\"og:locale\" content=\"en_US\" \/>\n<meta property=\"og:type\" content=\"article\" \/>\n<meta property=\"og:title\" content=\"Parod\u0173 organizatorius: UAB \u201eEkspozicij\u0173 centras\u201c\" \/>\n<meta property=\"og:description\" content=\"Parod\u0173 organizatorius Lietuvoje, teikiantis stend\u0173 \u012frengimo paslaugas u\u017esienio \u0161alyse, oficialus Messe Frankfurt atstovas Baltijos \u0161alims.\" \/>\n<meta property=\"og:site_name\" content=\"Exhibitions in Lithuania and abdroad\" \/>\n<meta property=\"article:publisher\" content=\"https:\/\/www.facebook.com\/Ekspozicijucentras\" \/>\n<meta property=\"article:modified_time\" content=\"2026-04-30T07:14:01+00:00\" \/>\n<meta property=\"og:image\" content=\"https:\/\/www.parodos.lt\/wp-content\/uploads\/2019\/08\/Kalendorius.svg\" \/>\n<meta name=\"twitter:card\" content=\"summary_large_image\" \/>\n<meta name=\"twitter:label1\" content=\"Est. reading time\" \/>\n\t<meta name=\"twitter:data1\" content=\"2 minutes\" \/>\n<script type=\"application\/ld+json\" class=\"yoast-schema-graph\">{\"@context\":\"https:\/\/schema.org\",\"@graph\":[{\"@type\":\"WebPage\",\"@id\":null,\"url\":null,\"name\":\"Parod\u0173 organizatorius: UAB \u201eEkspozicij\u0173 centras\u201c\",\"isPartOf\":{\"@id\":\"https:\/\/www.parodos.lt\/#website\"},\"datePublished\":\"2019-07-10T07:12:27+00:00\",\"dateModified\":\"2026-04-30T07:14:01+00:00\",\"description\":\"Parod\u0173 organizatorius Lietuvoje, teikiantis stend\u0173 \u012frengimo paslaugas u\u017esienio \u0161alyse, oficialus Messe Frankfurt atstovas Baltijos \u0161alims.\",\"breadcrumb\":{\"@id\":\"#breadcrumb\"},\"inLanguage\":\"en-US\",\"potentialAction\":[{\"@type\":\"ReadAction\",\"target\":[null]}]},{\"@type\":\"BreadcrumbList\",\"@id\":\"#breadcrumb\",\"itemListElement\":[{\"@type\":\"ListItem\",\"position\":1,\"name\":\"Prad\u017eia\"},{\"@type\":\"ListItem\",\"position\":2,\"name\":\"Pagrindinis\"}]},{\"@type\":\"WebSite\",\"@id\":\"https:\/\/www.parodos.lt\/#website\",\"url\":\"https:\/\/www.parodos.lt\/\",\"name\":\"Ekspozicij\u0173 centras - parodos Kaune\",\"description\":\"We organize the largest exhibitions in the Baltic countries. We are producing and installing individual exhibition stands around the world. We implement projects, attracting International attention, starting from initial ideas, creation to installation and maintenance during the event.\",\"publisher\":{\"@id\":\"https:\/\/www.parodos.lt\/#organization\"},\"potentialAction\":[{\"@type\":\"SearchAction\",\"target\":{\"@type\":\"EntryPoint\",\"urlTemplate\":\"https:\/\/www.parodos.lt\/?s={search_term_string}\"},\"query-input\":\"required name=search_term_string\"}],\"inLanguage\":\"en-US\"},{\"@type\":\"Organization\",\"@id\":\"https:\/\/www.parodos.lt\/#organization\",\"name\":\"Ekspozicij\u0173 centras\",\"url\":\"https:\/\/www.parodos.lt\/\",\"sameAs\":[\"https:\/\/www.instagram.com\/ekspozicijucentras\/\",\"https:\/\/www.youtube.com\/channel\/UCNYUHX7QSuXBepnTCs9emcA\",\"https:\/\/www.facebook.com\/Ekspozicijucentras\"],\"logo\":{\"@type\":\"ImageObject\",\"inLanguage\":\"en-US\",\"@id\":\"https:\/\/www.parodos.lt\/#\/schema\/logo\/image\/\",\"url\":\"https:\/\/www.parodos.lt\/wp-content\/uploads\/2021\/07\/EC-logo-patikimas-nuo-1994_fb.jpg\",\"contentUrl\":\"https:\/\/www.parodos.lt\/wp-content\/uploads\/2021\/07\/EC-logo-patikimas-nuo-1994_fb.jpg\",\"width\":563,\"height\":563,\"caption\":\"Ekspozicij\u0173 centras\"},\"image\":{\"@id\":\"https:\/\/www.parodos.lt\/#\/schema\/logo\/image\/\"}}]}<\/script>\n<!-- \/ Yoast SEO plugin. -->","yoast_head_json":{"title":"Parod\u0173 organizatorius: UAB \u201eEkspozicij\u0173 centras\u201c","description":"Parod\u0173 organizatorius Lietuvoje, teikiantis stend\u0173 \u012frengimo paslaugas u\u017esienio \u0161alyse, oficialus Messe Frankfurt atstovas Baltijos \u0161alims.","robots":{"index":"index","follow":"follow","max-snippet":"max-snippet:-1","max-image-preview":"max-image-preview:large","max-video-preview":"max-video-preview:-1"},"og_locale":"en_US","og_type":"article","og_title":"Parod\u0173 organizatorius: UAB \u201eEkspozicij\u0173 centras\u201c","og_description":"Parod\u0173 organizatorius Lietuvoje, teikiantis stend\u0173 \u012frengimo paslaugas u\u017esienio \u0161alyse, oficialus Messe Frankfurt atstovas Baltijos \u0161alims.","og_site_name":"Exhibitions in Lithuania and abdroad","article_publisher":"https:\/\/www.facebook.com\/Ekspozicijucentras","article_modified_time":"2026-04-30T07:14:01+00:00","og_image":[{"url":"https:\/\/www.parodos.lt\/wp-content\/uploads\/2019\/08\/Kalendorius.svg"}],"twitter_card":"summary_large_image","twitter_misc":{"Est. reading time":"2 minutes"},"schema":{"@context":"https:\/\/schema.org","@graph":[{"@type":"WebPage","@id":null,"url":null,"name":"Parod\u0173 organizatorius: UAB \u201eEkspozicij\u0173 centras\u201c","isPartOf":{"@id":"https:\/\/www.parodos.lt\/#website"},"datePublished":"2019-07-10T07:12:27+00:00","dateModified":"2026-04-30T07:14:01+00:00","description":"Parod\u0173 organizatorius Lietuvoje, teikiantis stend\u0173 \u012frengimo paslaugas u\u017esienio \u0161alyse, oficialus Messe Frankfurt atstovas Baltijos \u0161alims.","breadcrumb":{"@id":"#breadcrumb"},"inLanguage":"en-US","potentialAction":[{"@type":"ReadAction","target":[null]}]},{"@type":"BreadcrumbList","@id":"#breadcrumb","itemListElement":[{"@type":"ListItem","position":1,"name":"Prad\u017eia"},{"@type":"ListItem","position":2,"name":"Pagrindinis"}]},{"@type":"WebSite","@id":"https:\/\/www.parodos.lt\/#website","url":"https:\/\/www.parodos.lt\/","name":"Ekspozicij\u0173 centras - parodos Kaune","description":"We organize the largest exhibitions in the Baltic countries. We are producing and installing individual exhibition stands around the world. We implement projects, attracting International attention, starting from initial ideas, creation to installation and maintenance during the event.","publisher":{"@id":"https:\/\/www.parodos.lt\/#organization"},"potentialAction":[{"@type":"SearchAction","target":{"@type":"EntryPoint","urlTemplate":"https:\/\/www.parodos.lt\/?s={search_term_string}"},"query-input":"required name=search_term_string"}],"inLanguage":"en-US"},{"@type":"Organization","@id":"https:\/\/www.parodos.lt\/#organization","name":"Ekspozicij\u0173 centras","url":"https:\/\/www.parodos.lt\/","sameAs":["https:\/\/www.instagram.com\/ekspozicijucentras\/","https:\/\/www.youtube.com\/channel\/UCNYUHX7QSuXBepnTCs9emcA","https:\/\/www.facebook.com\/Ekspozicijucentras"],"logo":{"@type":"ImageObject","inLanguage":"en-US","@id":"https:\/\/www.parodos.lt\/#\/schema\/logo\/image\/","url":"https:\/\/www.parodos.lt\/wp-content\/uploads\/2021\/07\/EC-logo-patikimas-nuo-1994_fb.jpg","contentUrl":"https:\/\/www.parodos.lt\/wp-content\/uploads\/2021\/07\/EC-logo-patikimas-nuo-1994_fb.jpg","width":563,"height":563,"caption":"Ekspozicij\u0173 centras"},"image":{"@id":"https:\/\/www.parodos.lt\/#\/schema\/logo\/image\/"}}]}},"_links":{"self":[{"href":"https:\/\/www.parodos.lt\/en\/wp-json\/wp\/v2\/pages\/20"}],"collection":[{"href":"https:\/\/www.parodos.lt\/en\/wp-json\/wp\/v2\/pages"}],"about":[{"href":"https:\/\/www.parodos.lt\/en\/wp-json\/wp\/v2\/types\/page"}],"author":[{"embeddable":true,"href":"https:\/\/www.parodos.lt\/en\/wp-json\/wp\/v2\/users\/1"}],"replies":[{"embeddable":true,"href":"https:\/\/www.parodos.lt\/en\/wp-json\/wp\/v2\/comments?post=20"}],"version-history":[{"count":344,"href":"https:\/\/www.parodos.lt\/en\/wp-json\/wp\/v2\/pages\/20\/revisions"}],"predecessor-version":[{"id":14812,"href":"https:\/\/www.parodos.lt\/en\/wp-json\/wp\/v2\/pages\/20\/revisions\/14812"}],"wp:attachment":[{"href":"https:\/\/www.parodos.lt\/en\/wp-json\/wp\/v2\/media?parent=20"}],"curies":[{"name":"wp","href":"https:\/\/api.w.org\/{rel}","templated":true}]}}