{"id":6169,"date":"2022-10-07T14:29:22","date_gmt":"2022-10-07T12:29:22","guid":{"rendered":""},"modified":"2023-05-03T09:14:06","modified_gmt":"2023-05-03T07:14:06","slug":"aukso-medaliu-iteikimu-prasidejo-keturioliktoji-paroda-rinkis-preke-lietuviska-2022","status":"publish","type":"page","link":"https:\/\/www.parodos.lt\/en\/lt-aukso-medaliu-iteikimu-prasidejo-keturioliktoji-paroda-rinkis-preke-lietuviska-2022\/","title":{"rendered":"(LT) Aukso medali\u0173 \u012fteikimu prasid\u0117jo keturioliktoji paroda \u201eRinkis prek\u0119 lietuvi\u0161k\u0105 2022\u201c"},"content":{"rendered":"<p class=\"qtranxs-available-languages-message qtranxs-available-languages-message-en\">Sorry, this entry is only available in <a href=\"https:\/\/www.parodos.lt\/lt\/wp-json\/wp\/v2\/pages\/6169\" class=\"qtranxs-available-language-link qtranxs-available-language-link-lt\" title=\"LT\">Lithuanian<\/a>.<\/p>","protected":false},"excerpt":{"rendered":"<p>Sorry, this entry is only available in Lithuanian.<\/p>\n","protected":false},"author":9,"featured_media":0,"parent":0,"menu_order":0,"comment_status":"closed","ping_status":"closed","template":"","meta":[],"yoast_head":"<!-- This site is optimized with the Yoast SEO plugin v19.7.1 - https:\/\/yoast.com\/wordpress\/plugins\/seo\/ -->\n<title><\/title>\n<meta name=\"description\" content=\"Susipa\u017einkite su parodos \u201eRinkis prek\u0119 lietuvi\u0161k\u0105 2022\u201c laureat\u0173 s\u0105ra\u0161u.\" \/>\n<meta name=\"robots\" content=\"index, follow, max-snippet:-1, max-image-preview:large, max-video-preview:-1\" \/>\n<meta property=\"og:locale\" content=\"en_US\" \/>\n<meta property=\"og:type\" content=\"article\" \/>\n<meta property=\"og:title\" content=\"[:lt]Aukso medali\u0173 \u012fteikimu prasid\u0117jo keturioliktoji paroda \u201eRinkis prek\u0119 lietuvi\u0161k\u0105 2022\u201c[:] - Exhibitions in Lithuania and abdroad\" \/>\n<meta property=\"og:description\" content=\"Susipa\u017einkite su parodos \u201eRinkis prek\u0119 lietuvi\u0161k\u0105 2022\u201c laureat\u0173 s\u0105ra\u0161u.\" \/>\n<meta property=\"og:site_name\" content=\"Exhibitions in Lithuania and abdroad\" \/>\n<meta property=\"article:publisher\" content=\"https:\/\/www.facebook.com\/Ekspozicijucentras\" \/>\n<meta property=\"article:modified_time\" content=\"2023-05-03T07:14:06+00:00\" \/>\n<meta property=\"og:image\" content=\"https:\/\/www.parodos.lt\/wp-content\/uploads\/2022\/10\/rinkisprekelietuviskatomajfoto-1024x684.jpg\" \/>\n<meta name=\"twitter:card\" content=\"summary_large_image\" \/>\n<meta name=\"twitter:label1\" content=\"Est. reading time\" \/>\n\t<meta name=\"twitter:data1\" content=\"4 minutes\" \/>\n<script type=\"application\/ld+json\" class=\"yoast-schema-graph\">{\"@context\":\"https:\/\/schema.org\",\"@graph\":[{\"@type\":\"WebPage\",\"@id\":null,\"url\":null,\"name\":\"[:lt]Aukso medali\u0173 \u012fteikimu prasid\u0117jo keturioliktoji paroda \u201eRinkis prek\u0119 lietuvi\u0161k\u0105 2022\u201c[:] - Exhibitions in Lithuania and abdroad\",\"isPartOf\":{\"@id\":\"https:\/\/www.parodos.lt\/#website\"},\"datePublished\":\"2022-10-07T12:29:22+00:00\",\"dateModified\":\"2023-05-03T07:14:06+00:00\",\"description\":\"Susipa\u017einkite su parodos \u201eRinkis prek\u0119 lietuvi\u0161k\u0105 2022\u201c laureat\u0173 s\u0105ra\u0161u.\",\"breadcrumb\":{\"@id\":\"#breadcrumb\"},\"inLanguage\":\"en-US\",\"potentialAction\":[{\"@type\":\"ReadAction\",\"target\":[null]}]},{\"@type\":\"BreadcrumbList\",\"@id\":\"#breadcrumb\",\"itemListElement\":[{\"@type\":\"ListItem\",\"position\":1,\"name\":\"Prad\u017eia\"},{\"@type\":\"ListItem\",\"position\":2,\"name\":\"Aukso medali\u0173 \u012fteikimu prasid\u0117jo keturioliktoji paroda \u201eRinkis prek\u0119 lietuvi\u0161k\u0105 2022\u201c\"}]},{\"@type\":\"WebSite\",\"@id\":\"https:\/\/www.parodos.lt\/#website\",\"url\":\"https:\/\/www.parodos.lt\/\",\"name\":\"Ekspozicij\u0173 centras - parodos Kaune\",\"description\":\"We organize the largest exhibitions in the Baltic countries. We are producing and installing individual exhibition stands around the world. We implement projects, attracting International attention, starting from initial ideas, creation to installation and maintenance during the event.\",\"publisher\":{\"@id\":\"https:\/\/www.parodos.lt\/#organization\"},\"potentialAction\":[{\"@type\":\"SearchAction\",\"target\":{\"@type\":\"EntryPoint\",\"urlTemplate\":\"https:\/\/www.parodos.lt\/?s={search_term_string}\"},\"query-input\":\"required name=search_term_string\"}],\"inLanguage\":\"en-US\"},{\"@type\":\"Organization\",\"@id\":\"https:\/\/www.parodos.lt\/#organization\",\"name\":\"Ekspozicij\u0173 centras\",\"url\":\"https:\/\/www.parodos.lt\/\",\"sameAs\":[\"https:\/\/www.instagram.com\/ekspozicijucentras\/\",\"https:\/\/www.youtube.com\/channel\/UCNYUHX7QSuXBepnTCs9emcA\",\"https:\/\/www.facebook.com\/Ekspozicijucentras\"],\"logo\":{\"@type\":\"ImageObject\",\"inLanguage\":\"en-US\",\"@id\":\"https:\/\/www.parodos.lt\/#\/schema\/logo\/image\/\",\"url\":\"https:\/\/www.parodos.lt\/wp-content\/uploads\/2021\/07\/EC-logo-patikimas-nuo-1994_fb.jpg\",\"contentUrl\":\"https:\/\/www.parodos.lt\/wp-content\/uploads\/2021\/07\/EC-logo-patikimas-nuo-1994_fb.jpg\",\"width\":563,\"height\":563,\"caption\":\"Ekspozicij\u0173 centras\"},\"image\":{\"@id\":\"https:\/\/www.parodos.lt\/#\/schema\/logo\/image\/\"}}]}<\/script>\n<!-- \/ Yoast SEO plugin. -->","yoast_head_json":{"title":"[:lt]Aukso medali\u0173 \u012fteikimu prasid\u0117jo keturioliktoji paroda \u201eRinkis prek\u0119 lietuvi\u0161k\u0105 2022\u201c[:] - Exhibitions in Lithuania and abdroad","description":"Susipa\u017einkite su parodos \u201eRinkis prek\u0119 lietuvi\u0161k\u0105 2022\u201c laureat\u0173 s\u0105ra\u0161u.","robots":{"index":"index","follow":"follow","max-snippet":"max-snippet:-1","max-image-preview":"max-image-preview:large","max-video-preview":"max-video-preview:-1"},"og_locale":"en_US","og_type":"article","og_title":"[:lt]Aukso medali\u0173 \u012fteikimu prasid\u0117jo keturioliktoji paroda \u201eRinkis prek\u0119 lietuvi\u0161k\u0105 2022\u201c[:] - Exhibitions in Lithuania and abdroad","og_description":"Susipa\u017einkite su parodos \u201eRinkis prek\u0119 lietuvi\u0161k\u0105 2022\u201c laureat\u0173 s\u0105ra\u0161u.","og_site_name":"Exhibitions in Lithuania and abdroad","article_publisher":"https:\/\/www.facebook.com\/Ekspozicijucentras","article_modified_time":"2023-05-03T07:14:06+00:00","og_image":[{"url":"https:\/\/www.parodos.lt\/wp-content\/uploads\/2022\/10\/rinkisprekelietuviskatomajfoto-1024x684.jpg"}],"twitter_card":"summary_large_image","twitter_misc":{"Est. reading time":"4 minutes"},"schema":{"@context":"https:\/\/schema.org","@graph":[{"@type":"WebPage","@id":null,"url":null,"name":"[:lt]Aukso medali\u0173 \u012fteikimu prasid\u0117jo keturioliktoji paroda \u201eRinkis prek\u0119 lietuvi\u0161k\u0105 2022\u201c[:] - Exhibitions in Lithuania and abdroad","isPartOf":{"@id":"https:\/\/www.parodos.lt\/#website"},"datePublished":"2022-10-07T12:29:22+00:00","dateModified":"2023-05-03T07:14:06+00:00","description":"Susipa\u017einkite su parodos \u201eRinkis prek\u0119 lietuvi\u0161k\u0105 2022\u201c laureat\u0173 s\u0105ra\u0161u.","breadcrumb":{"@id":"#breadcrumb"},"inLanguage":"en-US","potentialAction":[{"@type":"ReadAction","target":[null]}]},{"@type":"BreadcrumbList","@id":"#breadcrumb","itemListElement":[{"@type":"ListItem","position":1,"name":"Prad\u017eia"},{"@type":"ListItem","position":2,"name":"Aukso medali\u0173 \u012fteikimu prasid\u0117jo keturioliktoji paroda \u201eRinkis prek\u0119 lietuvi\u0161k\u0105 2022\u201c"}]},{"@type":"WebSite","@id":"https:\/\/www.parodos.lt\/#website","url":"https:\/\/www.parodos.lt\/","name":"Ekspozicij\u0173 centras - parodos Kaune","description":"We organize the largest exhibitions in the Baltic countries. We are producing and installing individual exhibition stands around the world. We implement projects, attracting International attention, starting from initial ideas, creation to installation and maintenance during the event.","publisher":{"@id":"https:\/\/www.parodos.lt\/#organization"},"potentialAction":[{"@type":"SearchAction","target":{"@type":"EntryPoint","urlTemplate":"https:\/\/www.parodos.lt\/?s={search_term_string}"},"query-input":"required name=search_term_string"}],"inLanguage":"en-US"},{"@type":"Organization","@id":"https:\/\/www.parodos.lt\/#organization","name":"Ekspozicij\u0173 centras","url":"https:\/\/www.parodos.lt\/","sameAs":["https:\/\/www.instagram.com\/ekspozicijucentras\/","https:\/\/www.youtube.com\/channel\/UCNYUHX7QSuXBepnTCs9emcA","https:\/\/www.facebook.com\/Ekspozicijucentras"],"logo":{"@type":"ImageObject","inLanguage":"en-US","@id":"https:\/\/www.parodos.lt\/#\/schema\/logo\/image\/","url":"https:\/\/www.parodos.lt\/wp-content\/uploads\/2021\/07\/EC-logo-patikimas-nuo-1994_fb.jpg","contentUrl":"https:\/\/www.parodos.lt\/wp-content\/uploads\/2021\/07\/EC-logo-patikimas-nuo-1994_fb.jpg","width":563,"height":563,"caption":"Ekspozicij\u0173 centras"},"image":{"@id":"https:\/\/www.parodos.lt\/#\/schema\/logo\/image\/"}}]}},"_links":{"self":[{"href":"https:\/\/www.parodos.lt\/en\/wp-json\/wp\/v2\/pages\/6169"}],"collection":[{"href":"https:\/\/www.parodos.lt\/en\/wp-json\/wp\/v2\/pages"}],"about":[{"href":"https:\/\/www.parodos.lt\/en\/wp-json\/wp\/v2\/types\/page"}],"author":[{"embeddable":true,"href":"https:\/\/www.parodos.lt\/en\/wp-json\/wp\/v2\/users\/9"}],"replies":[{"embeddable":true,"href":"https:\/\/www.parodos.lt\/en\/wp-json\/wp\/v2\/comments?post=6169"}],"version-history":[{"count":4,"href":"https:\/\/www.parodos.lt\/en\/wp-json\/wp\/v2\/pages\/6169\/revisions"}],"predecessor-version":[{"id":8107,"href":"https:\/\/www.parodos.lt\/en\/wp-json\/wp\/v2\/pages\/6169\/revisions\/8107"}],"wp:attachment":[{"href":"https:\/\/www.parodos.lt\/en\/wp-json\/wp\/v2\/media?parent=6169"}],"curies":[{"name":"wp","href":"https:\/\/api.w.org\/{rel}","templated":true}]}}