{"id":6504,"date":"2022-11-09T13:08:39","date_gmt":"2022-11-09T11:08:39","guid":{"rendered":""},"modified":"2022-11-09T13:18:23","modified_gmt":"2022-11-09T11:18:23","slug":"paroda-moters-pasaulis-kvies-atrasti-simtus-skirtingu-verslu-bei-ju-gaminiu","status":"publish","type":"page","link":"https:\/\/www.parodos.lt\/en\/lt-paroda-moters-pasaulis-kvies-atrasti-simtus-skirtingu-verslu-bei-ju-gaminiu\/","title":{"rendered":"(LT) Paroda \u201eMoters pasaulis\u201c kvies atrasti \u0161imtus skirting\u0173 versl\u0173 bei j\u0173 gamini\u0173"},"content":{"rendered":"<p class=\"qtranxs-available-languages-message qtranxs-available-languages-message-en\">Sorry, this entry is only available in <a href=\"https:\/\/www.parodos.lt\/lt\/wp-json\/wp\/v2\/pages\/6504\" class=\"qtranxs-available-language-link qtranxs-available-language-link-lt\" title=\"LT\">Lithuanian<\/a>.<\/p>","protected":false},"excerpt":{"rendered":"<p>Sorry, this entry is only available in Lithuanian.<\/p>\n","protected":false},"author":9,"featured_media":0,"parent":0,"menu_order":0,"comment_status":"closed","ping_status":"closed","template":"","meta":[],"yoast_head":"<!-- This site is optimized with the Yoast SEO plugin v19.7.1 - https:\/\/yoast.com\/wordpress\/plugins\/seo\/ -->\n<title><\/title>\n<meta name=\"robots\" content=\"index, follow, max-snippet:-1, max-image-preview:large, max-video-preview:-1\" \/>\n<meta property=\"og:locale\" content=\"en_US\" \/>\n<meta property=\"og:type\" content=\"article\" \/>\n<meta property=\"og:title\" content=\"[:lt]Paroda \u201eMoters pasaulis\u201c kvies atrasti \u0161imtus skirting\u0173 versl\u0173 bei j\u0173 gamini\u0173[:] - Exhibitions in Lithuania and abdroad\" \/>\n<meta property=\"og:description\" content=\"Sorry, this entry is only available in Lithuanian.\" \/>\n<meta property=\"og:site_name\" content=\"Exhibitions in Lithuania and abdroad\" \/>\n<meta property=\"article:publisher\" content=\"https:\/\/www.facebook.com\/Ekspozicijucentras\" \/>\n<meta property=\"article:modified_time\" content=\"2022-11-09T11:18:23+00:00\" \/>\n<meta property=\"og:image\" content=\"https:\/\/www.parodos.lt\/wp-content\/uploads\/2022\/11\/17.11.09-Moters-pasaulis_atidarymas-43-1024x683.jpg\" \/>\n<meta name=\"twitter:card\" content=\"summary_large_image\" \/>\n<meta name=\"twitter:label1\" content=\"Est. reading time\" \/>\n\t<meta name=\"twitter:data1\" content=\"3 minutes\" \/>\n<script type=\"application\/ld+json\" class=\"yoast-schema-graph\">{\"@context\":\"https:\/\/schema.org\",\"@graph\":[{\"@type\":\"WebPage\",\"@id\":null,\"url\":null,\"name\":\"[:lt]Paroda \u201eMoters pasaulis\u201c kvies atrasti \u0161imtus skirting\u0173 versl\u0173 bei j\u0173 gamini\u0173[:] - Exhibitions in Lithuania and abdroad\",\"isPartOf\":{\"@id\":\"https:\/\/www.parodos.lt\/#website\"},\"datePublished\":\"2022-11-09T11:08:39+00:00\",\"dateModified\":\"2022-11-09T11:18:23+00:00\",\"breadcrumb\":{\"@id\":\"#breadcrumb\"},\"inLanguage\":\"en-US\",\"potentialAction\":[{\"@type\":\"ReadAction\",\"target\":[null]}]},{\"@type\":\"BreadcrumbList\",\"@id\":\"#breadcrumb\",\"itemListElement\":[{\"@type\":\"ListItem\",\"position\":1,\"name\":\"Prad\u017eia\"},{\"@type\":\"ListItem\",\"position\":2,\"name\":\"Paroda \u201eMoters pasaulis\u201c kvies atrasti \u0161imtus skirting\u0173 versl\u0173 bei j\u0173 gamini\u0173\"}]},{\"@type\":\"WebSite\",\"@id\":\"https:\/\/www.parodos.lt\/#website\",\"url\":\"https:\/\/www.parodos.lt\/\",\"name\":\"Ekspozicij\u0173 centras - parodos Kaune\",\"description\":\"We organize the largest exhibitions in the Baltic countries. We are producing and installing individual exhibition stands around the world. We implement projects, attracting International attention, starting from initial ideas, creation to installation and maintenance during the event.\",\"publisher\":{\"@id\":\"https:\/\/www.parodos.lt\/#organization\"},\"potentialAction\":[{\"@type\":\"SearchAction\",\"target\":{\"@type\":\"EntryPoint\",\"urlTemplate\":\"https:\/\/www.parodos.lt\/?s={search_term_string}\"},\"query-input\":\"required name=search_term_string\"}],\"inLanguage\":\"en-US\"},{\"@type\":\"Organization\",\"@id\":\"https:\/\/www.parodos.lt\/#organization\",\"name\":\"Ekspozicij\u0173 centras\",\"url\":\"https:\/\/www.parodos.lt\/\",\"sameAs\":[\"https:\/\/www.instagram.com\/ekspozicijucentras\/\",\"https:\/\/www.youtube.com\/channel\/UCNYUHX7QSuXBepnTCs9emcA\",\"https:\/\/www.facebook.com\/Ekspozicijucentras\"],\"logo\":{\"@type\":\"ImageObject\",\"inLanguage\":\"en-US\",\"@id\":\"https:\/\/www.parodos.lt\/#\/schema\/logo\/image\/\",\"url\":\"https:\/\/www.parodos.lt\/wp-content\/uploads\/2021\/07\/EC-logo-patikimas-nuo-1994_fb.jpg\",\"contentUrl\":\"https:\/\/www.parodos.lt\/wp-content\/uploads\/2021\/07\/EC-logo-patikimas-nuo-1994_fb.jpg\",\"width\":563,\"height\":563,\"caption\":\"Ekspozicij\u0173 centras\"},\"image\":{\"@id\":\"https:\/\/www.parodos.lt\/#\/schema\/logo\/image\/\"}}]}<\/script>\n<!-- \/ Yoast SEO plugin. -->","yoast_head_json":{"title":"[:lt]Paroda \u201eMoters pasaulis\u201c kvies atrasti \u0161imtus skirting\u0173 versl\u0173 bei j\u0173 gamini\u0173[:] - Exhibitions in Lithuania and abdroad","robots":{"index":"index","follow":"follow","max-snippet":"max-snippet:-1","max-image-preview":"max-image-preview:large","max-video-preview":"max-video-preview:-1"},"og_locale":"en_US","og_type":"article","og_title":"[:lt]Paroda \u201eMoters pasaulis\u201c kvies atrasti \u0161imtus skirting\u0173 versl\u0173 bei j\u0173 gamini\u0173[:] - Exhibitions in Lithuania and abdroad","og_description":"Sorry, this entry is only available in Lithuanian.","og_site_name":"Exhibitions in Lithuania and abdroad","article_publisher":"https:\/\/www.facebook.com\/Ekspozicijucentras","article_modified_time":"2022-11-09T11:18:23+00:00","og_image":[{"url":"https:\/\/www.parodos.lt\/wp-content\/uploads\/2022\/11\/17.11.09-Moters-pasaulis_atidarymas-43-1024x683.jpg"}],"twitter_card":"summary_large_image","twitter_misc":{"Est. reading time":"3 minutes"},"schema":{"@context":"https:\/\/schema.org","@graph":[{"@type":"WebPage","@id":null,"url":null,"name":"[:lt]Paroda \u201eMoters pasaulis\u201c kvies atrasti \u0161imtus skirting\u0173 versl\u0173 bei j\u0173 gamini\u0173[:] - Exhibitions in Lithuania and abdroad","isPartOf":{"@id":"https:\/\/www.parodos.lt\/#website"},"datePublished":"2022-11-09T11:08:39+00:00","dateModified":"2022-11-09T11:18:23+00:00","breadcrumb":{"@id":"#breadcrumb"},"inLanguage":"en-US","potentialAction":[{"@type":"ReadAction","target":[null]}]},{"@type":"BreadcrumbList","@id":"#breadcrumb","itemListElement":[{"@type":"ListItem","position":1,"name":"Prad\u017eia"},{"@type":"ListItem","position":2,"name":"Paroda \u201eMoters pasaulis\u201c kvies atrasti \u0161imtus skirting\u0173 versl\u0173 bei j\u0173 gamini\u0173"}]},{"@type":"WebSite","@id":"https:\/\/www.parodos.lt\/#website","url":"https:\/\/www.parodos.lt\/","name":"Ekspozicij\u0173 centras - parodos Kaune","description":"We organize the largest exhibitions in the Baltic countries. We are producing and installing individual exhibition stands around the world. We implement projects, attracting International attention, starting from initial ideas, creation to installation and maintenance during the event.","publisher":{"@id":"https:\/\/www.parodos.lt\/#organization"},"potentialAction":[{"@type":"SearchAction","target":{"@type":"EntryPoint","urlTemplate":"https:\/\/www.parodos.lt\/?s={search_term_string}"},"query-input":"required name=search_term_string"}],"inLanguage":"en-US"},{"@type":"Organization","@id":"https:\/\/www.parodos.lt\/#organization","name":"Ekspozicij\u0173 centras","url":"https:\/\/www.parodos.lt\/","sameAs":["https:\/\/www.instagram.com\/ekspozicijucentras\/","https:\/\/www.youtube.com\/channel\/UCNYUHX7QSuXBepnTCs9emcA","https:\/\/www.facebook.com\/Ekspozicijucentras"],"logo":{"@type":"ImageObject","inLanguage":"en-US","@id":"https:\/\/www.parodos.lt\/#\/schema\/logo\/image\/","url":"https:\/\/www.parodos.lt\/wp-content\/uploads\/2021\/07\/EC-logo-patikimas-nuo-1994_fb.jpg","contentUrl":"https:\/\/www.parodos.lt\/wp-content\/uploads\/2021\/07\/EC-logo-patikimas-nuo-1994_fb.jpg","width":563,"height":563,"caption":"Ekspozicij\u0173 centras"},"image":{"@id":"https:\/\/www.parodos.lt\/#\/schema\/logo\/image\/"}}]}},"_links":{"self":[{"href":"https:\/\/www.parodos.lt\/en\/wp-json\/wp\/v2\/pages\/6504"}],"collection":[{"href":"https:\/\/www.parodos.lt\/en\/wp-json\/wp\/v2\/pages"}],"about":[{"href":"https:\/\/www.parodos.lt\/en\/wp-json\/wp\/v2\/types\/page"}],"author":[{"embeddable":true,"href":"https:\/\/www.parodos.lt\/en\/wp-json\/wp\/v2\/users\/9"}],"replies":[{"embeddable":true,"href":"https:\/\/www.parodos.lt\/en\/wp-json\/wp\/v2\/comments?post=6504"}],"version-history":[{"count":2,"href":"https:\/\/www.parodos.lt\/en\/wp-json\/wp\/v2\/pages\/6504\/revisions"}],"predecessor-version":[{"id":6507,"href":"https:\/\/www.parodos.lt\/en\/wp-json\/wp\/v2\/pages\/6504\/revisions\/6507"}],"wp:attachment":[{"href":"https:\/\/www.parodos.lt\/en\/wp-json\/wp\/v2\/media?parent=6504"}],"curies":[{"name":"wp","href":"https:\/\/api.w.org\/{rel}","templated":true}]}}